{"id":9635,"date":"2025-08-08T12:22:03","date_gmt":"2025-08-08T10:22:03","guid":{"rendered":"https:\/\/besnarddesign.com\/?post_type=product&#038;p=9635"},"modified":"2025-08-14T17:45:21","modified_gmt":"2025-08-14T15:45:21","slug":"shopify-section-banner-hero-2","status":"publish","type":"product","link":"https:\/\/besnarddesign.com\/en\/product\/shopify-section-banner-hero-2\/","title":{"rendered":"Banni\u00e8re \/ Hero #2"},"content":{"rendered":"<p data-start=\"586\" data-end=\"908\">Vous souhaitez donner \u00e0 votre boutique en ligne un style moderne et \u00e9labor\u00e9 qui se d\u00e9marque, sans avoir \u00e0 changer compl\u00e8tement de th\u00e8me ? Cette section\u00a0a \u00e9t\u00e9 con\u00e7ue pour apporter une touche haut de gamme \u00e0 votre site, tout en restant <strong data-start=\"858\" data-end=\"905\">compatible avec tous les th\u00e8mes Shopify 2.0<\/strong>.<\/p>\n<p data-start=\"910\" data-end=\"1230\">Polyvalente, cette section peut servir de banni\u00e8re d\u2019accueil impactante, de bloc d\u00e9coratif sophistiqu\u00e9 ou encore de section \u201c\u00c0 propos\u201d \u00e9l\u00e9gante. Gr\u00e2ce \u00e0 ses nombreuses options de personnalisation, vous pouvez l\u2019adapter \u00e0 votre charte graphique et cr\u00e9er un rendu unique, sans \u00e9crire une seule ligne de code.<\/p>\n<p data-start=\"1140\" data-end=\"1175\"><strong data-start=\"1140\" data-end=\"1173\">Options de personnalisation :<\/strong><\/p>\n<ul>\n<li data-start=\"1178\" data-end=\"1202\">Couleur d\u2019arri\u00e8re-plan<\/li>\n<li data-start=\"1178\" data-end=\"1202\">Image principale (biblioth\u00e8que Shopify)<\/li>\n<li data-start=\"1178\" data-end=\"1202\">Couleur du conteneur du texte<\/li>\n<li data-start=\"1178\" data-end=\"1202\">Alignement du texte (gauche, centre, droite)<\/li>\n<li data-start=\"1178\" data-end=\"1202\">Police du titre et couleur du titre<\/li>\n<li data-start=\"1178\" data-end=\"1202\">Couleur du texte<\/li>\n<li data-start=\"1178\" data-end=\"1202\">Bouton d\u2019appel \u00e0 l\u2019action : affichage ou non, lien, texte, style, couleurs personnalisables<\/li>\n<\/ul>\n<p data-start=\"1488\" data-end=\"1519\"><strong data-start=\"1488\" data-end=\"1517\">Atouts de cette section :<\/strong><\/p>\n<ul>\n<li data-start=\"1522\" data-end=\"1568\">Ajout de nouvelles sections sans modifier ou remplacer votre th\u00e8me<\/li>\n<li data-start=\"1522\" data-end=\"1568\">Un style moderne et \u00e9l\u00e9gant qui attire l\u2019\u0153il<\/li>\n<li data-start=\"1522\" data-end=\"1568\">Flexibilit\u00e9 totale pour l\u2019adapter \u00e0 votre branding<\/li>\n<li data-start=\"1522\" data-end=\"1568\">Une structure optimis\u00e9e pour un rendu professionnel<\/li>\n<li data-start=\"1522\" data-end=\"1568\">Installation simple et rapide avec documentation claire<\/li>\n<\/ul>\n<p data-start=\"1741\" data-end=\"1856\"><strong data-start=\"1741\" data-end=\"1760\">Compatibilit\u00e9 :<\/strong><br data-start=\"1760\" data-end=\"1763\" \/>Fonctionne avec tous les th\u00e8mes Shopify 2.0, responsive sur ordinateur, tablette et mobile.<\/p>\n<p data-start=\"1858\" data-end=\"2030\">Que vous lanciez votre boutique ou que vous modernisiez un site existant, cette section est la solution id\u00e9ale pour personnaliser votre design facilement et rapidement.<\/p>","protected":false},"excerpt":{"rendered":"<p>Apportez un style moderne et raffin\u00e9 \u00e0 votre boutique avec une section Shopify enti\u00e8rement personnalisable (couleurs, images, polices, alignement, bouton). Elle offre un rendu unique et tendance, parfait pour une page d\u2019accueil, une section d\u00e9corative ou un bloc \u201c\u00c0 propos\u201d. De plus, elle vous permet d\u2019ajouter de nouvelles sections sans avoir \u00e0 changer de th\u00e8me (compatible avec tous les th\u00e8mes Shopify 2.0).<\/p>","protected":false},"featured_media":9638,"template":"","meta":{"_acf_changed":false,"content-type":""},"product_brand":[320],"product_cat":[313],"product_tag":[],"class_list":{"0":"post-9635","1":"product","2":"type-product","3":"status-publish","4":"has-post-thumbnail","6":"product_brand-besnard-design","7":"product_cat-sections","9":"first","10":"instock","11":"downloadable","12":"virtual","13":"sold-individually","14":"taxable","15":"purchasable","16":"product-type-simple"},"acf":[],"_links":{"self":[{"href":"https:\/\/besnarddesign.com\/en\/wp-json\/wp\/v2\/product\/9635","targetHints":{"allow":["GET"]}}],"collection":[{"href":"https:\/\/besnarddesign.com\/en\/wp-json\/wp\/v2\/product"}],"about":[{"href":"https:\/\/besnarddesign.com\/en\/wp-json\/wp\/v2\/types\/product"}],"wp:featuredmedia":[{"embeddable":true,"href":"https:\/\/besnarddesign.com\/en\/wp-json\/wp\/v2\/media\/9638"}],"wp:attachment":[{"href":"https:\/\/besnarddesign.com\/en\/wp-json\/wp\/v2\/media?parent=9635"}],"wp:term":[{"taxonomy":"product_brand","embeddable":true,"href":"https:\/\/besnarddesign.com\/en\/wp-json\/wp\/v2\/product_brand?post=9635"},{"taxonomy":"product_cat","embeddable":true,"href":"https:\/\/besnarddesign.com\/en\/wp-json\/wp\/v2\/product_cat?post=9635"},{"taxonomy":"product_tag","embeddable":true,"href":"https:\/\/besnarddesign.com\/en\/wp-json\/wp\/v2\/product_tag?post=9635"}],"curies":[{"name":"wp","href":"https:\/\/api.w.org\/{rel}","templated":true}]}}