{"id":9499,"date":"2025-08-04T16:32:29","date_gmt":"2025-08-04T14:32:29","guid":{"rendered":"https:\/\/besnarddesign.com\/?post_type=product&#038;p=9499"},"modified":"2025-08-14T17:45:14","modified_gmt":"2025-08-14T15:45:14","slug":"shopify-section-banner-hero-1","status":"publish","type":"product","link":"https:\/\/besnarddesign.com\/en\/product\/shopify-section-banner-hero-1\/","title":{"rendered":"Banni\u00e8re \/ Hero #1"},"content":{"rendered":"<p data-start=\"626\" data-end=\"948\">Vous trouvez les sections int\u00e9gr\u00e9es de Shopify trop basiques et souhaitez que votre boutique ait un style qui se d\u00e9marque ? Cette section\u00a0a \u00e9t\u00e9 con\u00e7ue pour apporter une touche sophistiqu\u00e9e et professionnelle \u00e0 votre site, tout en restant simple \u00e0 utiliser.<\/p>\n<p data-start=\"950\" data-end=\"1294\">Cette section responsive et enti\u00e8rement personnalisable vous permet d\u2019ajouter un \u00e9l\u00e9ment visuel fort \u00e0 votre boutique, id\u00e9al pour capter l\u2019attention d\u00e8s la premi\u00e8re seconde. Contrairement aux mod\u00e8les standards, elle offre plus de flexibilit\u00e9 et d\u2019options de personnalisation, pour un rendu unique qui refl\u00e8te parfaitement votre image de marque.<\/p>\n<p data-start=\"950\" data-end=\"1294\"><strong>Utilisations possibles :<\/strong><\/p>\n<ul>\n<li data-start=\"950\" data-end=\"1294\">Banni\u00e8re d&rsquo;accueil impactante sur la page principale<\/li>\n<li data-start=\"950\" data-end=\"1294\">Section descriptive \u00e9l\u00e9gante sur vos pages de contenu<\/li>\n<li data-start=\"950\" data-end=\"1294\">Bloc visuel de mise en valeur sur vos pages produits, collections ou landing pages<\/li>\n<\/ul>\n<p><strong>Options de personnalisation :<\/strong><\/p>\n<ul>\n<li>Images de gauche et de droite (biblioth\u00e8que Shopify)<\/li>\n<li>Couleur d&rsquo;arri\u00e8re-plan<\/li>\n<li>Titre principal (option H1 optimis\u00e9 pour le SEO) et couleur de texte<\/li>\n<li>Bouton d&rsquo;appel \u00e0 l&rsquo;action (affichage ou non, lien, texte, style outline ou classique, couleurs personnalisables)<\/li>\n<\/ul>\n<p><strong>Ce que vous recevez :<\/strong><\/p>\n<ul>\n<li>Code pr\u00eat \u00e0 l&#8217;emploi, \u00e0 copier-coller dans votre th\u00e8me Shopify<\/li>\n<li>Documentation claire et illustr\u00e9e, accessible m\u00eame aux d\u00e9butants<\/li>\n<li>Design test\u00e9 sur ordinateur, tablette et mobile<\/li>\n<\/ul>\n<p><strong>Pourquoi choisir cette section ?<\/strong><\/p>\n<ul>\n<li>Obtenez un design professionnel sans avoir \u00e0 engager de d\u00e9veloppeur<\/li>\n<li>Personnalisez votre boutique au-del\u00e0 des limites des sections Shopify standards<\/li>\n<li>Optimisez votre SEO gr\u00e2ce \u00e0 un titre H1 int\u00e9gr\u00e9<\/li>\n<li>Gagnez du temps avec une installation simple et rapide<\/li>\n<\/ul>\n<p><strong>Comptabilit\u00e9 :<\/strong><\/p>\n<ul>\n<li>Fonctionne avec tous les th\u00e8mes Shopify 2.0.<\/li>\n<\/ul>","protected":false},"excerpt":{"rendered":"<p>Donnez du caract\u00e8re \u00e0 votre boutique Shopify avec une banni\u00e8re ou une section \u00ab \u00e0 propos \u00bb unique et enti\u00e8rement customisable. Con\u00e7ue pour apporter un design sophistiqu\u00e9 et unique, elle se d\u00e9marque des sections standards de Shopify. Facile \u00e0 installer et 100 % personnalisable (images, couleurs, titre H1 SEO, bouton), elle offre un rendu professionnel en quelques minutes, sans \u00e9crire une ligne de code.<\/p>","protected":false},"featured_media":9511,"template":"","meta":{"_acf_changed":false,"content-type":""},"product_brand":[320],"product_cat":[157,313],"product_tag":[],"class_list":{"0":"post-9499","1":"product","2":"type-product","3":"status-publish","4":"has-post-thumbnail","6":"product_brand-besnard-design","7":"product_cat-produits-digitaux","8":"product_cat-sections","10":"first","11":"instock","12":"downloadable","13":"virtual","14":"sold-individually","15":"taxable","16":"purchasable","17":"product-type-simple"},"acf":[],"_links":{"self":[{"href":"https:\/\/besnarddesign.com\/en\/wp-json\/wp\/v2\/product\/9499","targetHints":{"allow":["GET"]}}],"collection":[{"href":"https:\/\/besnarddesign.com\/en\/wp-json\/wp\/v2\/product"}],"about":[{"href":"https:\/\/besnarddesign.com\/en\/wp-json\/wp\/v2\/types\/product"}],"wp:featuredmedia":[{"embeddable":true,"href":"https:\/\/besnarddesign.com\/en\/wp-json\/wp\/v2\/media\/9511"}],"wp:attachment":[{"href":"https:\/\/besnarddesign.com\/en\/wp-json\/wp\/v2\/media?parent=9499"}],"wp:term":[{"taxonomy":"product_brand","embeddable":true,"href":"https:\/\/besnarddesign.com\/en\/wp-json\/wp\/v2\/product_brand?post=9499"},{"taxonomy":"product_cat","embeddable":true,"href":"https:\/\/besnarddesign.com\/en\/wp-json\/wp\/v2\/product_cat?post=9499"},{"taxonomy":"product_tag","embeddable":true,"href":"https:\/\/besnarddesign.com\/en\/wp-json\/wp\/v2\/product_tag?post=9499"}],"curies":[{"name":"wp","href":"https:\/\/api.w.org\/{rel}","templated":true}]}}