{"id":9543,"date":"2025-08-05T10:18:23","date_gmt":"2025-08-05T08:18:23","guid":{"rendered":"https:\/\/besnarddesign.com\/?page_id=9543"},"modified":"2025-08-05T15:50:43","modified_gmt":"2025-08-05T13:50:43","slug":"account","status":"publish","type":"page","link":"https:\/\/besnarddesign.com\/en\/account\/","title":{"rendered":"Account"},"content":{"rendered":"<div data-elementor-type=\"wp-page\" data-elementor-id=\"9543\" class=\"elementor elementor-9543\" data-elementor-post-type=\"page\">\n\t\t\t\t<div class=\"elementor-element elementor-element-5c453d2c e-flex e-con-boxed e-con e-parent\" data-id=\"5c453d2c\" data-element_type=\"container\" data-e-type=\"container\" data-settings=\"{&quot;background_background&quot;:&quot;classic&quot;}\">\n\t\t\t\t\t<div class=\"e-con-inner\">\n\t\t\t\t<div class=\"elementor-element elementor-element-2d089c96 elementor-widget__width-initial elementor-invisible elementor-widget elementor-widget-heading\" data-id=\"2d089c96\" data-element_type=\"widget\" data-e-type=\"widget\" data-settings=\"{&quot;_animation&quot;:&quot;fadeIn&quot;}\" data-widget_type=\"heading.default\">\n\t\t\t\t<div class=\"elementor-widget-container\">\n\t\t\t\t\t<h1 class=\"elementor-heading-title elementor-size-default\">Mon compte<\/h1>\t\t\t\t<\/div>\n\t\t\t\t<\/div>\n\t\t\t\t\t<\/div>\n\t\t\t\t<\/div>\n\t\t<div class=\"elementor-element elementor-element-223c2f79 e-flex e-con-boxed e-con e-parent\" data-id=\"223c2f79\" data-element_type=\"container\" data-e-type=\"container\">\n\t\t\t\t\t<div class=\"e-con-inner\">\n\t\t\t\t<div class=\"elementor-element elementor-element-2fa8233 e-my-account-tabs-vertical elementor-widget elementor-widget-woocommerce-my-account\" data-id=\"2fa8233\" data-element_type=\"widget\" data-e-type=\"widget\" data-widget_type=\"woocommerce-my-account.default\">\n\t\t\t\t<div class=\"elementor-widget-container\">\n\t\t\t\t\t<div class=\"e-my-account-tab e-my-account-tab__\">\t\t\t<div class=\"woocommerce\"><\/div>\t\t<\/div>\n\t\t\t\t\t\t<\/div>\n\t\t\t\t<\/div>\n\t\t\t\t\t<\/div>\n\t\t\t\t<\/div>\n\t\t\t\t<\/div>","protected":false},"excerpt":{"rendered":"<p>Mon compte Tableau de bord Commandes T\u00e9l\u00e9chargements Adresses Moyens de paiement Informations du compte D\u00e9connexion Bonjour Besnard Design (vous n\u2019\u00eates pas Besnard Design\u00a0? D\u00e9connexion) \u00c0 partir du tableau de bord de votre compte, vous pouvez visualiser vos commandes r\u00e9centes, g\u00e9rer vos adresses de facturation ainsi que changer votre mot de passe et les d\u00e9tails de [&hellip;]<\/p>\n","protected":false},"author":2,"featured_media":0,"parent":0,"menu_order":0,"comment_status":"closed","ping_status":"closed","template":"","meta":{"_acf_changed":false,"content-type":"","footnotes":""},"folder":[316],"class_list":["post-9543","page","type-page","status-publish","hentry"],"acf":[],"_links":{"self":[{"href":"https:\/\/besnarddesign.com\/en\/wp-json\/wp\/v2\/pages\/9543","targetHints":{"allow":["GET"]}}],"collection":[{"href":"https:\/\/besnarddesign.com\/en\/wp-json\/wp\/v2\/pages"}],"about":[{"href":"https:\/\/besnarddesign.com\/en\/wp-json\/wp\/v2\/types\/page"}],"author":[{"embeddable":true,"href":"https:\/\/besnarddesign.com\/en\/wp-json\/wp\/v2\/users\/2"}],"replies":[{"embeddable":true,"href":"https:\/\/besnarddesign.com\/en\/wp-json\/wp\/v2\/comments?post=9543"}],"version-history":[{"count":22,"href":"https:\/\/besnarddesign.com\/en\/wp-json\/wp\/v2\/pages\/9543\/revisions"}],"predecessor-version":[{"id":9621,"href":"https:\/\/besnarddesign.com\/en\/wp-json\/wp\/v2\/pages\/9543\/revisions\/9621"}],"wp:attachment":[{"href":"https:\/\/besnarddesign.com\/en\/wp-json\/wp\/v2\/media?parent=9543"}],"wp:term":[{"taxonomy":"folder","embeddable":true,"href":"https:\/\/besnarddesign.com\/en\/wp-json\/wp\/v2\/folder?post=9543"}],"curies":[{"name":"wp","href":"https:\/\/api.w.org\/{rel}","templated":true}]}}