{"id":6705,"date":"2025-04-01T17:24:44","date_gmt":"2025-04-01T15:24:44","guid":{"rendered":"https:\/\/besnarddesign.com\/?page_id=6705"},"modified":"2025-07-07T13:24:07","modified_gmt":"2025-07-07T11:24:07","slug":"integration-et-migration-site","status":"publish","type":"page","link":"https:\/\/besnarddesign.com\/en\/integration-et-migration-site\/","title":{"rendered":"Int\u00e9gration web et migration"},"content":{"rendered":"<div data-elementor-type=\"wp-page\" data-elementor-id=\"6705\" class=\"elementor elementor-6705\" data-elementor-post-type=\"page\">\n\t\t\t\t<div class=\"elementor-element elementor-element-9eea1e6 e-flex e-con-boxed e-con e-parent\" data-id=\"9eea1e6\" data-element_type=\"container\" data-e-type=\"container\" data-settings=\"{&quot;background_background&quot;:&quot;classic&quot;}\">\n\t\t\t\t\t<div class=\"e-con-inner\">\n\t\t\t\t<div class=\"elementor-element elementor-element-a18eddb elementor-widget__width-initial elementor-invisible elementor-widget elementor-widget-heading\" data-id=\"a18eddb\" data-element_type=\"widget\" data-e-type=\"widget\" data-settings=\"{&quot;_animation&quot;:&quot;fadeIn&quot;}\" data-widget_type=\"heading.default\">\n\t\t\t\t<div class=\"elementor-widget-container\">\n\t\t\t\t\t<h1 class=\"elementor-heading-title elementor-size-default\">Int\u00e9gration de site et migration de site internet<\/h1>\t\t\t\t<\/div>\n\t\t\t\t<\/div>\n\t\t\t\t<div class=\"elementor-element elementor-element-baea950 elementor-widget elementor-widget-woocommerce-breadcrumb\" data-id=\"baea950\" data-element_type=\"widget\" data-e-type=\"widget\" data-widget_type=\"woocommerce-breadcrumb.default\">\n\t\t\t\t<div class=\"elementor-widget-container\">\n\t\t\t\t\t<nav class=\"woocommerce-breadcrumb\" aria-label=\"Breadcrumb\" data-no-translation=\"\" data-trp-gettext=\"\">Home<\/nav>\t\t\t\t<\/div>\n\t\t\t\t<\/div>\n\t\t<div class=\"elementor-element elementor-element-4fb930a e-con-full e-flex elementor-invisible e-con e-child\" data-id=\"4fb930a\" data-element_type=\"container\" data-e-type=\"container\" data-settings=\"{&quot;background_background&quot;:&quot;classic&quot;,&quot;animation&quot;:&quot;fadeIn&quot;,&quot;animation_delay&quot;:400}\">\n\t\t\t\t<div class=\"elementor-element elementor-element-075ec3e elementor-widget-divider--view-line elementor-widget elementor-widget-divider\" data-id=\"075ec3e\" data-element_type=\"widget\" data-e-type=\"widget\" data-widget_type=\"divider.default\">\n\t\t\t\t<div class=\"elementor-widget-container\">\n\t\t\t\t\t\t\t<div class=\"elementor-divider\">\n\t\t\t<span class=\"elementor-divider-separator\">\n\t\t\t\t\t\t<\/span>\n\t\t<\/div>\n\t\t\t\t\t\t<\/div>\n\t\t\t\t<\/div>\n\t\t\t\t<\/div>\n\t\t\t\t\t<\/div>\n\t\t\t\t<\/div>\n\t\t<div class=\"elementor-element elementor-element-24b8137 e-flex e-con-boxed e-con e-parent\" data-id=\"24b8137\" data-element_type=\"container\" data-e-type=\"container\">\n\t\t\t\t\t<div class=\"e-con-inner\">\n\t\t\t\t<div class=\"elementor-element elementor-element-6c78d01 elementor-widget__width-initial elementor-widget elementor-widget-heading\" data-id=\"6c78d01\" data-element_type=\"widget\" data-e-type=\"widget\" data-widget_type=\"heading.default\">\n\t\t\t\t<div class=\"elementor-widget-container\">\n\t\t\t\t\t<h2 class=\"elementor-heading-title elementor-size-default\">Cr\u00e9ez ou transformez votre site web en toute s\u00e9r\u00e9nit\u00e9\n<\/h2>\t\t\t\t<\/div>\n\t\t\t\t<\/div>\n\t\t<div class=\"elementor-element elementor-element-bbecf3e e-con-full e-flex e-con e-child\" data-id=\"bbecf3e\" data-element_type=\"container\" data-e-type=\"container\">\n\t\t\t\t<div class=\"elementor-element elementor-element-1ae9eb9 elementor-widget__width-initial elementor-widget elementor-widget-text-editor\" data-id=\"1ae9eb9\" data-element_type=\"widget\" data-e-type=\"widget\" data-widget_type=\"text-editor.default\">\n\t\t\t\t<div class=\"elementor-widget-container\">\n\t\t\t\t\t\t\t\t\t<p>Vous avez besoin d\u2019un site professionnel \u00e0 partir d&rsquo;une maquette graphique ou vous souhaitez changer de plateforme sans perdre vos donn\u00e9es ni votre design ? Mes services d\u2019<strong data-start=\"465\" data-end=\"488\">int\u00e9gration de site<\/strong> et de <strong data-start=\"495\" data-end=\"525\">migration de site internet<\/strong> sont pens\u00e9s pour r\u00e9pondre \u00e0 ces deux besoins sp\u00e9cifiques.<\/p>\t\t\t\t\t\t\t\t<\/div>\n\t\t\t\t<\/div>\n\t\t\t\t<\/div>\n\t\t\t\t\t<\/div>\n\t\t\t\t<\/div>\n\t\t<div class=\"elementor-element elementor-element-08d68dc e-flex e-con-boxed e-con e-parent\" data-id=\"08d68dc\" data-element_type=\"container\" data-e-type=\"container\" data-settings=\"{&quot;background_background&quot;:&quot;classic&quot;}\">\n\t\t\t\t\t<div class=\"e-con-inner\">\n\t\t<div class=\"elementor-element elementor-element-675f59d e-con-full elementor-hidden-tablet e-flex e-con e-child\" data-id=\"675f59d\" data-element_type=\"container\" data-e-type=\"container\" data-settings=\"{&quot;background_background&quot;:&quot;classic&quot;}\">\n\t\t\t\t<div class=\"elementor-element elementor-element-a1d85b9 elementor-widget elementor-widget-spacer\" data-id=\"a1d85b9\" data-element_type=\"widget\" data-e-type=\"widget\" data-widget_type=\"spacer.default\">\n\t\t\t\t<div class=\"elementor-widget-container\">\n\t\t\t\t\t\t\t<div class=\"elementor-spacer\">\n\t\t\t<div class=\"elementor-spacer-inner\"><\/div>\n\t\t<\/div>\n\t\t\t\t\t\t<\/div>\n\t\t\t\t<\/div>\n\t\t\t\t<\/div>\n\t\t<div class=\"elementor-element elementor-element-87ef388 e-con-full e-flex e-con e-child\" data-id=\"87ef388\" data-element_type=\"container\" data-e-type=\"container\" data-settings=\"{&quot;background_background&quot;:&quot;classic&quot;}\">\n\t\t\t\t<div class=\"elementor-element elementor-element-371b314 elementor-widget__width-initial elementor-widget elementor-widget-heading\" data-id=\"371b314\" data-element_type=\"widget\" data-e-type=\"widget\" data-widget_type=\"heading.default\">\n\t\t\t\t<div class=\"elementor-widget-container\">\n\t\t\t\t\t<h3 class=\"elementor-heading-title elementor-size-default\">Qu\u2019est-ce que la migration de site internet ?<\/h3>\t\t\t\t<\/div>\n\t\t\t\t<\/div>\n\t\t\t\t<div class=\"elementor-element elementor-element-8f41aa8 elementor-widget elementor-widget-text-editor\" data-id=\"8f41aa8\" data-element_type=\"widget\" data-e-type=\"widget\" data-widget_type=\"text-editor.default\">\n\t\t\t\t<div class=\"elementor-widget-container\">\n\t\t\t\t\t\t\t\t\t<p class=\"\" data-start=\"1276\" data-end=\"1454\">La <strong data-start=\"1355\" data-end=\"1376\">migration de site<\/strong> web d\u00e9signe le transfert d\u2019un site existant vers une autre plateforme ou un autre h\u00e9bergeur, tout en veillant \u00e0 conserver l\u2019apparence, les contenus, les performances et le r\u00e9f\u00e9rencement du site.<\/p><p data-start=\"1456\" data-end=\"1554\"><strong data-start=\"1556\" data-end=\"1571\">Ce service est utile si :<\/strong><\/p><ul><li data-start=\"1576\" data-end=\"1618\">Vous ne souhaitez plus payer d&rsquo;abonnement (exemple <a href=\"https:\/\/fr.wix.com\/\" target=\"_blank\" rel=\"noopener\">Wix<\/a>, <a href=\"https:\/\/fr.squarespace.com\/\" target=\"_blank\" rel=\"noopener\">Squarespace<\/a>, <a href=\"https:\/\/www.hostinger.fr\/createur-de-sites-internet\" target=\"_blank\" rel=\"noopener\">Hostinger Builder<\/a>, ou <a href=\"https:\/\/www.shopify.com\/fr\" target=\"_blank\" rel=\"noopener\">Shopify<\/a>)<\/li><li>Vous changez d\u2019h\u00e9bergeur (par exemple : OVH vers Hostinger).<\/li><li>Vous avez besoin d\u2019un environnement plus flexible et plus personnalisable.<\/li><li>Vous voulez r\u00e9cup\u00e9rer votre autonomie et la propri\u00e9t\u00e9 compl\u00e8te de votre site.<\/li><\/ul>\t\t\t\t\t\t\t\t<\/div>\n\t\t\t\t<\/div>\n\t\t\t\t<\/div>\n\t\t\t\t\t<\/div>\n\t\t\t\t<\/div>\n\t\t<div class=\"elementor-element elementor-element-6a55ac8 e-flex e-con-boxed e-con e-parent\" data-id=\"6a55ac8\" data-element_type=\"container\" data-e-type=\"container\" data-settings=\"{&quot;background_background&quot;:&quot;classic&quot;}\">\n\t\t\t\t\t<div class=\"e-con-inner\">\n\t\t<div class=\"elementor-element elementor-element-f869526 e-con-full e-flex e-con e-child\" data-id=\"f869526\" data-element_type=\"container\" data-e-type=\"container\">\n\t\t\t\t<div class=\"elementor-element elementor-element-c386ffc elementor-widget__width-initial elementor-widget elementor-widget-heading\" data-id=\"c386ffc\" data-element_type=\"widget\" data-e-type=\"widget\" data-widget_type=\"heading.default\">\n\t\t\t\t<div class=\"elementor-widget-container\">\n\t\t\t\t\t<h3 class=\"elementor-heading-title elementor-size-default\">Qu\u2019est-ce que l\u2019int\u00e9gration de site web ?<\/h3>\t\t\t\t<\/div>\n\t\t\t\t<\/div>\n\t\t\t\t<div class=\"elementor-element elementor-element-89007f9 elementor-widget elementor-widget-text-editor\" data-id=\"89007f9\" data-element_type=\"widget\" data-e-type=\"widget\" data-widget_type=\"text-editor.default\">\n\t\t\t\t<div class=\"elementor-widget-container\">\n\t\t\t\t\t\t\t\t\t<p class=\"\" data-start=\"1276\" data-end=\"1454\">L\u2019<strong data-start=\"641\" data-end=\"664\">int\u00e9gration de site<\/strong> consiste \u00e0 transformer une maquette graphique (<a href=\"https:\/\/www.figma.com\/fr-fr\/\" target=\"_blank\" rel=\"noopener\">Figma<\/a>, <a href=\"https:\/\/www.adobe.com\/fr\/products\/photoshop.html\" target=\"_blank\" rel=\"noopener\">Adobe<\/a>, etc.) en un site web fonctionnel. Il s&rsquo;agit de coder ou d&rsquo;int\u00e9grer le visuel imagin\u00e9 dans un outil comme WordPress tout en respectant les standards du web (responsive design, accessibilit\u00e9, SEO technique&#8230;).<\/p><p data-start=\"1456\" data-end=\"1554\"><strong data-start=\"1556\" data-end=\"1571\">Ce service s\u2019adresse \u00e0 vous si :<\/strong><\/p><ul><li data-start=\"1576\" data-end=\"1618\">Vous avez une maquette r\u00e9alis\u00e9e par un graphiste ou un web designer.<\/li><li>Vous travaillez d\u00e9j\u00e0 avec une \u00e9quipe cr\u00e9ative, mais avez besoin d\u2019un d\u00e9veloppeur pour passer \u00e0 l\u2019\u00e9tape technique.<\/li><\/ul>\t\t\t\t\t\t\t\t<\/div>\n\t\t\t\t<\/div>\n\t\t\t\t<\/div>\n\t\t<div class=\"elementor-element elementor-element-2b71ab2 e-con-full elementor-hidden-tablet e-flex e-con e-child\" data-id=\"2b71ab2\" data-element_type=\"container\" data-e-type=\"container\" data-settings=\"{&quot;background_background&quot;:&quot;classic&quot;}\">\n\t\t\t\t<div class=\"elementor-element elementor-element-2ba2c91 elementor-widget elementor-widget-spacer\" data-id=\"2ba2c91\" data-element_type=\"widget\" data-e-type=\"widget\" data-widget_type=\"spacer.default\">\n\t\t\t\t<div class=\"elementor-widget-container\">\n\t\t\t\t\t\t\t<div class=\"elementor-spacer\">\n\t\t\t<div class=\"elementor-spacer-inner\"><\/div>\n\t\t<\/div>\n\t\t\t\t\t\t<\/div>\n\t\t\t\t<\/div>\n\t\t\t\t<\/div>\n\t\t\t\t\t<\/div>\n\t\t\t\t<\/div>\n\t\t<div class=\"elementor-element elementor-element-27453c4 e-flex e-con-boxed e-con e-parent\" data-id=\"27453c4\" data-element_type=\"container\" data-e-type=\"container\">\n\t\t\t\t\t<div class=\"e-con-inner\">\n\t\t<div class=\"elementor-element elementor-element-eaf48ec e-con-full e-flex e-con e-child\" data-id=\"eaf48ec\" data-element_type=\"container\" data-e-type=\"container\">\n\t\t\t\t<div class=\"elementor-element elementor-element-f140c27 elementor-widget elementor-widget-heading\" data-id=\"f140c27\" data-element_type=\"widget\" data-e-type=\"widget\" data-widget_type=\"heading.default\">\n\t\t\t\t<div class=\"elementor-widget-container\">\n\t\t\t\t\t<h2 class=\"elementor-heading-title elementor-size-default\">Pourquoi me confier l\u2019int\u00e9gration ou la migration de votre site ?<\/h2>\t\t\t\t<\/div>\n\t\t\t\t<\/div>\n\t\t\t\t<\/div>\n\t\t<div class=\"elementor-element elementor-element-6462cd6 e-con-full e-flex e-con e-child\" data-id=\"6462cd6\" data-element_type=\"container\" data-e-type=\"container\">\n\t\t\t\t<div class=\"elementor-element elementor-element-9ab8a3c elementor-icon-list--layout-traditional elementor-list-item-link-full_width elementor-widget elementor-widget-icon-list\" data-id=\"9ab8a3c\" data-element_type=\"widget\" data-e-type=\"widget\" data-widget_type=\"icon-list.default\">\n\t\t\t\t<div class=\"elementor-widget-container\">\n\t\t\t\t\t\t\t<ul class=\"elementor-icon-list-items\">\n\t\t\t\t\t\t\t<li class=\"elementor-icon-list-item\">\n\t\t\t\t\t\t\t\t\t\t\t<span class=\"elementor-icon-list-icon\">\n\t\t\t\t\t\t\t<i aria-hidden=\"true\" class=\"fas fa-check\"><\/i>\t\t\t\t\t\t<\/span>\n\t\t\t\t\t\t\t\t\t\t<span class=\"elementor-icon-list-text\">Exp\u00e9rience avec les principales plateformes web (WordPress, Shopify, Hostinger, etc.)<\/span>\n\t\t\t\t\t\t\t\t\t<\/li>\n\t\t\t\t\t\t\t\t<li class=\"elementor-icon-list-item\">\n\t\t\t\t\t\t\t\t\t\t\t<span class=\"elementor-icon-list-icon\">\n\t\t\t\t\t\t\t<i aria-hidden=\"true\" class=\"fas fa-check\"><\/i>\t\t\t\t\t\t<\/span>\n\t\t\t\t\t\t\t\t\t\t<span class=\"elementor-icon-list-text\">Respect des bonnes pratiques en SEO, performances et accessibilit\u00e9<\/span>\n\t\t\t\t\t\t\t\t\t<\/li>\n\t\t\t\t\t\t\t\t<li class=\"elementor-icon-list-item\">\n\t\t\t\t\t\t\t\t\t\t\t<span class=\"elementor-icon-list-icon\">\n\t\t\t\t\t\t\t<i aria-hidden=\"true\" class=\"fas fa-check\"><\/i>\t\t\t\t\t\t<\/span>\n\t\t\t\t\t\t\t\t\t\t<span class=\"elementor-icon-list-text\">Suivi personnalis\u00e9 \u00e0 chaque \u00e9tape du projet<\/span>\n\t\t\t\t\t\t\t\t\t<\/li>\n\t\t\t\t\t\t\t\t<li class=\"elementor-icon-list-item\">\n\t\t\t\t\t\t\t\t\t\t\t<span class=\"elementor-icon-list-icon\">\n\t\t\t\t\t\t\t<i aria-hidden=\"true\" class=\"fas fa-check\"><\/i>\t\t\t\t\t\t<\/span>\n\t\t\t\t\t\t\t\t\t\t<span class=\"elementor-icon-list-text\">Accompagnement m\u00eame apr\u00e8s la mise en ligne<\/span>\n\t\t\t\t\t\t\t\t\t<\/li>\n\t\t\t\t\t\t<\/ul>\n\t\t\t\t\t\t<\/div>\n\t\t\t\t<\/div>\n\t\t\t\t<\/div>\n\t\t\t\t\t<\/div>\n\t\t\t\t<\/div>\n\t\t<div class=\"elementor-element elementor-element-c965321 e-flex e-con-boxed e-con e-parent\" data-id=\"c965321\" data-element_type=\"container\" data-e-type=\"container\" data-settings=\"{&quot;background_background&quot;:&quot;classic&quot;}\">\n\t\t\t\t\t<div class=\"e-con-inner\">\n\t\t\t\t<div class=\"elementor-element elementor-element-a66f94d elementor-widget__width-initial elementor-widget-mobile__width-inherit elementor-invisible elementor-widget elementor-widget-heading\" data-id=\"a66f94d\" data-element_type=\"widget\" data-e-type=\"widget\" data-settings=\"{&quot;_animation&quot;:&quot;fadeIn&quot;,&quot;_animation_delay&quot;:200}\" data-widget_type=\"heading.default\">\n\t\t\t\t<div class=\"elementor-widget-container\">\n\t\t\t\t\t<h2 class=\"elementor-heading-title elementor-size-default\">Vous avez un projet de transformation digitale ?<\/h2>\t\t\t\t<\/div>\n\t\t\t\t<\/div>\n\t\t\t\t<div class=\"elementor-element elementor-element-cc70bb4 elementor-widget elementor-widget-text-editor\" data-id=\"cc70bb4\" data-element_type=\"widget\" data-e-type=\"widget\" data-widget_type=\"text-editor.default\">\n\t\t\t\t<div class=\"elementor-widget-container\">\n\t\t\t\t\t\t\t\t\t<p data-pm-slice=\"1 1 []\">Parlons-en ensemble pour trouver la solution la plus adapt\u00e9e \u00e0 vos besoins.<\/p>\t\t\t\t\t\t\t\t<\/div>\n\t\t\t\t<\/div>\n\t\t<div class=\"elementor-element elementor-element-55860c7 e-con-full e-flex e-con e-child\" data-id=\"55860c7\" data-element_type=\"container\" data-e-type=\"container\">\n\t\t\t\t<div class=\"elementor-element elementor-element-3421335 elementor-mobile-align-justify elementor-widget-mobile__width-inherit elementor-invisible elementor-widget elementor-widget-button\" data-id=\"3421335\" data-element_type=\"widget\" data-e-type=\"widget\" data-settings=\"{&quot;_animation&quot;:&quot;fadeIn&quot;,&quot;_animation_delay&quot;:400}\" data-widget_type=\"button.default\">\n\t\t\t\t<div class=\"elementor-widget-container\">\n\t\t\t\t\t\t\t\t\t<div class=\"elementor-button-wrapper\">\n\t\t\t\t\t<a class=\"elementor-button elementor-button-link elementor-size-sm\" href=\"tel:0698172788\">\n\t\t\t\t\t\t<span class=\"elementor-button-content-wrapper\">\n\t\t\t\t\t\t\t\t\t<span class=\"elementor-button-text\">06 98 17 27 88<\/span>\n\t\t\t\t\t<\/span>\n\t\t\t\t\t<\/a>\n\t\t\t\t<\/div>\n\t\t\t\t\t\t\t\t<\/div>\n\t\t\t\t<\/div>\n\t\t\t\t<div class=\"elementor-element elementor-element-c773494 elementor-mobile-align-justify elementor-widget-mobile__width-inherit elementor-invisible elementor-widget elementor-widget-button\" data-id=\"c773494\" data-element_type=\"widget\" data-e-type=\"widget\" data-settings=\"{&quot;_animation&quot;:&quot;fadeIn&quot;,&quot;_animation_delay&quot;:400}\" data-widget_type=\"button.default\">\n\t\t\t\t<div class=\"elementor-widget-container\">\n\t\t\t\t\t\t\t\t\t<div class=\"elementor-button-wrapper\">\n\t\t\t\t\t<a class=\"elementor-button elementor-button-link elementor-size-sm\" href=\"https:\/\/besnarddesign.com\/en\/contact\/\">\n\t\t\t\t\t\t<span class=\"elementor-button-content-wrapper\">\n\t\t\t\t\t\t\t\t\t<span class=\"elementor-button-text\">Planifier un appel d\u00e9couverte<\/span>\n\t\t\t\t\t<\/span>\n\t\t\t\t\t<\/a>\n\t\t\t\t<\/div>\n\t\t\t\t\t\t\t\t<\/div>\n\t\t\t\t<\/div>\n\t\t\t\t<\/div>\n\t\t\t\t\t<\/div>\n\t\t\t\t<\/div>\n\t\t\t\t<\/div>","protected":false},"excerpt":{"rendered":"<p>Int\u00e9gration de site et migration de site internet Cr\u00e9ez ou transformez votre site web en toute s\u00e9r\u00e9nit\u00e9 Vous avez besoin d\u2019un site professionnel \u00e0 partir d&rsquo;une maquette graphique ou vous souhaitez changer de plateforme sans perdre vos donn\u00e9es ni votre design ? Mes services d\u2019int\u00e9gration de site et de migration de site internet sont pens\u00e9s [&hellip;]<\/p>\n","protected":false},"author":2,"featured_media":0,"parent":0,"menu_order":0,"comment_status":"closed","ping_status":"closed","template":"","meta":{"_acf_changed":false,"content-type":"","footnotes":""},"folder":[],"class_list":["post-6705","page","type-page","status-publish","hentry"],"acf":[],"_links":{"self":[{"href":"https:\/\/besnarddesign.com\/en\/wp-json\/wp\/v2\/pages\/6705","targetHints":{"allow":["GET"]}}],"collection":[{"href":"https:\/\/besnarddesign.com\/en\/wp-json\/wp\/v2\/pages"}],"about":[{"href":"https:\/\/besnarddesign.com\/en\/wp-json\/wp\/v2\/types\/page"}],"author":[{"embeddable":true,"href":"https:\/\/besnarddesign.com\/en\/wp-json\/wp\/v2\/users\/2"}],"replies":[{"embeddable":true,"href":"https:\/\/besnarddesign.com\/en\/wp-json\/wp\/v2\/comments?post=6705"}],"version-history":[{"count":29,"href":"https:\/\/besnarddesign.com\/en\/wp-json\/wp\/v2\/pages\/6705\/revisions"}],"predecessor-version":[{"id":8345,"href":"https:\/\/besnarddesign.com\/en\/wp-json\/wp\/v2\/pages\/6705\/revisions\/8345"}],"wp:attachment":[{"href":"https:\/\/besnarddesign.com\/en\/wp-json\/wp\/v2\/media?parent=6705"}],"wp:term":[{"taxonomy":"folder","embeddable":true,"href":"https:\/\/besnarddesign.com\/en\/wp-json\/wp\/v2\/folder?post=6705"}],"curies":[{"name":"wp","href":"https:\/\/api.w.org\/{rel}","templated":true}]}}