{"id":4929,"date":"2024-08-21T11:51:50","date_gmt":"2024-08-21T09:51:50","guid":{"rendered":"https:\/\/besnarddesign.com\/?page_id=4929"},"modified":"2024-08-21T11:51:53","modified_gmt":"2024-08-21T09:51:53","slug":"politique-de-cookies","status":"publish","type":"page","link":"https:\/\/besnarddesign.com\/en\/politique-de-cookies\/","title":{"rendered":"Cookie Policy"},"content":{"rendered":"<div data-elementor-type=\"wp-page\" data-elementor-id=\"4929\" class=\"elementor elementor-4929\" data-elementor-post-type=\"page\">\n\t\t\t\t<div class=\"elementor-element elementor-element-72cc2385 e-flex e-con-boxed e-con e-parent\" data-id=\"72cc2385\" data-element_type=\"container\" data-e-type=\"container\" data-settings=\"{&quot;background_background&quot;:&quot;classic&quot;}\">\n\t\t\t\t\t<div class=\"e-con-inner\">\n\t\t\t\t<div class=\"elementor-element elementor-element-10ceb6e9 elementor-widget elementor-widget-heading\" data-id=\"10ceb6e9\" data-element_type=\"widget\" data-e-type=\"widget\" data-widget_type=\"heading.default\">\n\t\t\t\t<div class=\"elementor-widget-container\">\n\t\t\t\t\t<h1 class=\"elementor-heading-title elementor-size-default\">Cookie Policy<\/h1>\t\t\t\t<\/div>\n\t\t\t\t<\/div>\n\t\t\t\t\t<\/div>\n\t\t\t\t<\/div>\n\t\t<div class=\"elementor-element elementor-element-7c2c17a1 e-flex e-con-boxed e-con e-parent\" data-id=\"7c2c17a1\" data-element_type=\"container\" data-e-type=\"container\">\n\t\t\t\t\t<div class=\"e-con-inner\">\n\t\t<div class=\"elementor-element elementor-element-3622d778 e-con-full e-flex e-con e-child\" data-id=\"3622d778\" data-element_type=\"container\" data-e-type=\"container\">\n\t\t\t\t<div class=\"elementor-element elementor-element-577b87b1 elementor-widget elementor-widget-heading\" data-id=\"577b87b1\" data-element_type=\"widget\" data-e-type=\"widget\" data-widget_type=\"heading.default\">\n\t\t\t\t<div class=\"elementor-widget-container\">\n\t\t\t\t\t<h2 class=\"elementor-heading-title elementor-size-default\">01. Politique de cookies<\/h2>\t\t\t\t<\/div>\n\t\t\t\t<\/div>\n\t\t\t\t<div class=\"elementor-element elementor-element-45c44dd9 elementor-widget elementor-widget-text-editor\" data-id=\"45c44dd9\" data-element_type=\"widget\" data-e-type=\"widget\" data-widget_type=\"text-editor.default\">\n\t\t\t\t<div class=\"elementor-widget-container\">\n\t\t\t\t\t\t\t\t\t<p>Besnard Design utilise des cookies sur son site web. En utilisant notre site, vous consentez \u00e0 l&rsquo;utilisation de cookies conform\u00e9ment \u00e0 cette politique.<\/p>\t\t\t\t\t\t\t\t<\/div>\n\t\t\t\t<\/div>\n\t\t\t\t<\/div>\n\t\t<div class=\"elementor-element elementor-element-252abb03 e-con-full e-flex e-con e-child\" data-id=\"252abb03\" data-element_type=\"container\" data-e-type=\"container\">\n\t\t\t\t<div class=\"elementor-element elementor-element-70c8ead0 elementor-widget elementor-widget-heading\" data-id=\"70c8ead0\" data-element_type=\"widget\" data-e-type=\"widget\" data-widget_type=\"heading.default\">\n\t\t\t\t<div class=\"elementor-widget-container\">\n\t\t\t\t\t<h2 class=\"elementor-heading-title elementor-size-default\">02. Qu<span class=\"font-correction\">'<\/span>est<span class=\"font-correction\">-<\/span>ce qu<span class=\"font-correction\">'<\/span>un cookie ?<\/h2>\t\t\t\t<\/div>\n\t\t\t\t<\/div>\n\t\t\t\t<div class=\"elementor-element elementor-element-b6c99c6 elementor-widget elementor-widget-text-editor\" data-id=\"b6c99c6\" data-element_type=\"widget\" data-e-type=\"widget\" data-widget_type=\"text-editor.default\">\n\t\t\t\t<div class=\"elementor-widget-container\">\n\t\t\t\t\t\t\t\t\t<p>Un cookie est un petit fichier texte plac\u00e9 sur votre ordinateur ou appareil mobile lorsque vous visitez un site web. Les cookies sont largement<br \/>utilis\u00e9s pour faire fonctionner les sites web ou les rendre plus efficaces, ainsi que pour fournir des informations aux propri\u00e9taires du site.<\/p>\t\t\t\t\t\t\t\t<\/div>\n\t\t\t\t<\/div>\n\t\t\t\t<\/div>\n\t\t<div class=\"elementor-element elementor-element-2e8d5e07 e-con-full e-flex e-con e-child\" data-id=\"2e8d5e07\" data-element_type=\"container\" data-e-type=\"container\">\n\t\t\t\t<div class=\"elementor-element elementor-element-44b7aa00 elementor-widget elementor-widget-heading\" data-id=\"44b7aa00\" data-element_type=\"widget\" data-e-type=\"widget\" data-widget_type=\"heading.default\">\n\t\t\t\t<div class=\"elementor-widget-container\">\n\t\t\t\t\t<h2 class=\"elementor-heading-title elementor-size-default\">03. Comment utilisons<span class=\"font-correction\">-<\/span>nous les cookies ?<\/h2>\t\t\t\t<\/div>\n\t\t\t\t<\/div>\n\t\t\t\t<div class=\"elementor-element elementor-element-6eced076 elementor-widget elementor-widget-text-editor\" data-id=\"6eced076\" data-element_type=\"widget\" data-e-type=\"widget\" data-widget_type=\"text-editor.default\">\n\t\t\t\t<div class=\"elementor-widget-container\">\n\t\t\t\t\t\t\t\t\t<p>Nous utilisons les types de cookies suivants :<\/p>\t\t\t\t\t\t\t\t<\/div>\n\t\t\t\t<\/div>\n\t\t\t\t<div class=\"elementor-element elementor-element-256a4b01 elementor-icon-list--layout-traditional elementor-list-item-link-full_width elementor-widget elementor-widget-icon-list\" data-id=\"256a4b01\" data-element_type=\"widget\" data-e-type=\"widget\" data-widget_type=\"icon-list.default\">\n\t\t\t\t<div class=\"elementor-widget-container\">\n\t\t\t\t\t\t\t<ul class=\"elementor-icon-list-items\">\n\t\t\t\t\t\t\t<li class=\"elementor-icon-list-item\">\n\t\t\t\t\t\t\t\t\t\t<span class=\"elementor-icon-list-text\">- Cookies strictement n\u00e9cessaires : Ces cookies sont essentiels au fonctionnement de notre site web.<\/span>\n\t\t\t\t\t\t\t\t\t<\/li>\n\t\t\t\t\t\t\t\t<li class=\"elementor-icon-list-item\">\n\t\t\t\t\t\t\t\t\t\t<span class=\"elementor-icon-list-text\">- Cookies de performance : Ces cookies nous permettent de compter les visites et les sources de trafic afin de mesurer et d'am\u00e9liorer les performances de notre site.<\/span>\n\t\t\t\t\t\t\t\t\t<\/li>\n\t\t\t\t\t\t\t\t<li class=\"elementor-icon-list-item\">\n\t\t\t\t\t\t\t\t\t\t<span class=\"elementor-icon-list-text\">- Cookies de fonctionnalit\u00e9 : Ces cookies permettent au site web de se souvenir des choix que vous faites (comme votre nom d'utilisateur, votre langue ou la r\u00e9gion dans laquelle vous vous trouvez) et de fournir des fonctionnalit\u00e9s am\u00e9lior\u00e9es et plus personnelles.<\/span>\n\t\t\t\t\t\t\t\t\t<\/li>\n\t\t\t\t\t\t\t\t<li class=\"elementor-icon-list-item\">\n\t\t\t\t\t\t\t\t\t\t<span class=\"elementor-icon-list-text\">- Cookies de ciblage : Ces cookies peuvent \u00eatre mis en place par nos partenaires publicitaires. Ils peuvent \u00eatre utilis\u00e9s par ces entreprises pour \u00e9tablir un profil de vos int\u00e9r\u00eats et vous montrer des publicit\u00e9s pertinentes sur d'autres sites.<\/span>\n\t\t\t\t\t\t\t\t\t<\/li>\n\t\t\t\t\t\t<\/ul>\n\t\t\t\t\t\t<\/div>\n\t\t\t\t<\/div>\n\t\t\t\t<\/div>\n\t\t<div class=\"elementor-element elementor-element-5e7ab5fd e-con-full e-flex e-con e-child\" data-id=\"5e7ab5fd\" data-element_type=\"container\" data-e-type=\"container\">\n\t\t\t\t<div class=\"elementor-element elementor-element-4e715854 elementor-widget elementor-widget-heading\" data-id=\"4e715854\" data-element_type=\"widget\" data-e-type=\"widget\" data-widget_type=\"heading.default\">\n\t\t\t\t<div class=\"elementor-widget-container\">\n\t\t\t\t\t<h2 class=\"elementor-heading-title elementor-size-default\">0<span class=\"font-correction\">4<\/span>. Comment g<span class=\"font-correction\">\u00e9<\/span>rer les cookies ?<\/h2>\t\t\t\t<\/div>\n\t\t\t\t<\/div>\n\t\t\t\t<div class=\"elementor-element elementor-element-56ed320c elementor-widget elementor-widget-text-editor\" data-id=\"56ed320c\" data-element_type=\"widget\" data-e-type=\"widget\" data-widget_type=\"text-editor.default\">\n\t\t\t\t<div class=\"elementor-widget-container\">\n\t\t\t\t\t\t\t\t\t<p>Vous pouvez contr\u00f4ler et\/ou supprimer les cookies comme vous le souhaitez. Vous pouvez supprimer tous les cookies qui sont d\u00e9j\u00e0 sur votre ordinateur et vous pouvez configurer la plupart des navigateurs pour les emp\u00eacher d&rsquo;en placer. Toutefois, si vous faites cela, vous devrez peut-\u00eatre ajuster manuellement certaines pr\u00e9f\u00e9rences chaque fois que vous visiterez un site, et certains services et fonctionnalit\u00e9s pourraient ne pas fonctionner.<\/p>\t\t\t\t\t\t\t\t<\/div>\n\t\t\t\t<\/div>\n\t\t\t\t<\/div>\n\t\t\t\t\t<\/div>\n\t\t\t\t<\/div>\n\t\t\t\t<\/div>","protected":false},"excerpt":{"rendered":"<p>Politique de cookies 01. Politique de cookies Besnard Design utilise des cookies sur son site web. En utilisant notre site, vous consentez \u00e0 l&rsquo;utilisation de cookies conform\u00e9ment \u00e0 cette politique. 02. Qu&rsquo;est-ce qu&rsquo;un cookie ? Un cookie est un petit fichier texte plac\u00e9 sur votre ordinateur ou appareil mobile lorsque vous visitez un site web. [&hellip;]<\/p>\n","protected":false},"author":2,"featured_media":0,"parent":0,"menu_order":0,"comment_status":"closed","ping_status":"closed","template":"elementor_header_footer","meta":{"_acf_changed":false,"content-type":"","footnotes":""},"folder":[],"class_list":["post-4929","page","type-page","status-publish","hentry"],"acf":[],"_links":{"self":[{"href":"https:\/\/besnarddesign.com\/en\/wp-json\/wp\/v2\/pages\/4929","targetHints":{"allow":["GET"]}}],"collection":[{"href":"https:\/\/besnarddesign.com\/en\/wp-json\/wp\/v2\/pages"}],"about":[{"href":"https:\/\/besnarddesign.com\/en\/wp-json\/wp\/v2\/types\/page"}],"author":[{"embeddable":true,"href":"https:\/\/besnarddesign.com\/en\/wp-json\/wp\/v2\/users\/2"}],"replies":[{"embeddable":true,"href":"https:\/\/besnarddesign.com\/en\/wp-json\/wp\/v2\/comments?post=4929"}],"version-history":[{"count":9,"href":"https:\/\/besnarddesign.com\/en\/wp-json\/wp\/v2\/pages\/4929\/revisions"}],"predecessor-version":[{"id":4938,"href":"https:\/\/besnarddesign.com\/en\/wp-json\/wp\/v2\/pages\/4929\/revisions\/4938"}],"wp:attachment":[{"href":"https:\/\/besnarddesign.com\/en\/wp-json\/wp\/v2\/media?parent=4929"}],"wp:term":[{"taxonomy":"folder","embeddable":true,"href":"https:\/\/besnarddesign.com\/en\/wp-json\/wp\/v2\/folder?post=4929"}],"curies":[{"name":"wp","href":"https:\/\/api.w.org\/{rel}","templated":true}]}}